{"id":1600,"date":"2024-06-22T17:56:35","date_gmt":"2024-06-22T14:56:35","guid":{"rendered":"https:\/\/vana.oilika.ee\/?post_type=product&#038;p=1600"},"modified":"2025-04-07T01:04:24","modified_gmt":"2025-04-06T22:04:24","slug":"maslo-semyan-chia","status":"publish","type":"product","link":"https:\/\/vana.oilika.ee\/en\/product\/maslo-semyan-chia\/","title":{"rendered":"Chia seed oil"},"content":{"rendered":"<h2 class=\"elementor-heading-title elementor-size-default\">Description<\/h2>\n<p><strong>What makes Oilika chia seed oil unique?<\/strong><\/p>\n<p>Oilika 100% chia seed oil (Oilseed Aloe Vera), which you have the possibility to use immediately after pressing.<br \/>\nstart using.<\/p>\n<p>A unique product produced in Estonia only by our company Oilika.<\/p>\n<p>The human body doesn't produce omega-3 fatty acids, so Oilika chia seed oil is a good and easy way to support your health because it is high in omega-3 fatty acids. In 100 ml of oil, it contains 62.01 g, which is the best compared to our other oils.<\/p>\n<p>We have all heard about the benefits of chia seeds. They are known as a source of omega-3 fatty acids and have many good properties:<\/p>\n<ul>\n<li>Protects the cardiovascular system<\/li>\n<li>Strengthens the immune system<\/li>\n<li>Improves brain function<\/li>\n<li>Reduces inflammation in the body<\/li>\n<\/ul>\n<p>&nbsp;<\/p>\n<p><strong>Taste<\/strong><br \/>\nChia (Oilseed) Seed Beer has a pleasant taste and a beautiful light yellow colour.<\/p>\n<p><strong>Technology<\/strong><br \/>\nAt Oilika, the oil is cold-pressed (at room temperature below 25\u00b0C) in a hydraulic press without any contact with metal, thus preserving all the beneficial properties of the oil.<\/p>\n<p>Suitable for vegetarians and raw foodists.<\/p>\n<p>Do not consume more than 2 g per day.<\/p>\n<p><strong>NUTRITIONAL INFORMATION PER 100 G<\/strong><\/p>\n<table>\n<tbody>\n<tr>\n<td><strong>Energy content<\/strong><\/td>\n<td>3694 kJ \/ 899 kcal<\/td>\n<\/tr>\n<tr>\n<td><strong>Fats<\/strong><\/td>\n<td>99,72 g<\/td>\n<\/tr>\n<tr>\n<td>incl Saturated fatty acids<\/td>\n<td>9,62 g<\/td>\n<\/tr>\n<tr>\n<td>Polyunsaturated fatty acids<\/td>\n<td>78,97 g<\/td>\n<\/tr>\n<tr>\n<td>- omega-3<\/td>\n<td>62,01 g<\/td>\n<\/tr>\n<tr>\n<td>- including alpha-linolenic acid (18:3 omega-3)<\/td>\n<td>62,01 g<\/td>\n<\/tr>\n<tr>\n<td>- omega-6<\/td>\n<td>16,96 g<\/td>\n<\/tr>\n<tr>\n<td>- including linoleic acid (18:2 omega-6)<\/td>\n<td>16,64 g<\/td>\n<\/tr>\n<tr>\n<td>Monounsaturated fatty acids<\/td>\n<td>6,04 g<\/td>\n<\/tr>\n<tr>\n<td>including oleic acid (18:1 omega-9)<\/td>\n<td>4,83 g<\/td>\n<\/tr>\n<tr>\n<td><strong>Hydrocarbons<\/strong><\/td>\n<td>0 g<\/td>\n<\/tr>\n<tr>\n<td>of which sugar<\/td>\n<td>0 g<\/td>\n<\/tr>\n<tr>\n<td><strong>Valk<\/strong><\/td>\n<td>0,11 g<\/td>\n<\/tr>\n<tr>\n<td><strong>Salt<\/strong><\/td>\n<td>0 g<\/td>\n<\/tr>\n<\/tbody>\n<\/table>\n<p><strong>Use of<\/strong><\/p>\n<p><strong>NB!<\/strong> Cold-pressed oils are very sensitive to high temperatures, so Oilika chia seed oil is not suitable for frying or baking. Oilika chia seed oil has a delicate flavour, making it suitable for use in both sweet and savoury dishes.<\/p>\n<p>Use our chia seed oil:<\/p>\n<ul>\n<li>For flavouring cold dishes (salads, sauces, cottage cheese, cooked vegetables, etc.).<\/li>\n<li>Chia seed oil is a great substitute for porridge butter, it helps to reduce animal fat intake and makes porridge healthier.<\/li>\n<li>Chia seed oil is widely used as a base oil for cosmetic products.<\/li>\n<\/ul>\n<p>&nbsp;<\/p>\n<p><strong>Storage at<\/strong><\/p>\n<p>Oilika chia seed oil has a high content of omega-3 fatty acids, which are very sensitive to external factors (light, storage time, temperature). The oil therefore has a short shelf life. We do not recommend ordering Oilika chia seed oil as a back-up. It is better to order in different batches so that you can always enjoy fresh oil.<\/p>\n<p>To enjoy the taste of Oilika chia seed oil and get the most out of it, remember:<\/p>\n<ul>\n<li>Store the oil in a cool place in the dark, it is better to keep it in the fridge.<\/li>\n<li>Store the oil in its original packaging. The packaging and dark glass further protect the oil from the effects of light and temperature changes.<\/li>\n<li>Keep the oil in a sealed bottle.<\/li>\n<li>Use the oil for 1 year from the date of manufacture.<\/li>\n<\/ul>","protected":false},"excerpt":{"rendered":"<p>Kirjeldus Mis teeb Oilika chia seemne\u00f5li ainulaadseks? Oilika 100% chia seemne\u00f5li (\u00d5lisalvei), mida sul on v\u00f5imalus kohe p\u00e4rast pressimist tarvitama hakata. Ainulaadne toode, mida Eestis toodab ainult meie ettev\u00f5te Oilika. Inimese organism ei tooda oomega-3 rasvhappeid, seega on Oilika chia seemne\u00f5li hea ja lihtne v\u00f5imalus oma tervist toetada, sest \u00f5li on k\u00f5rge oomega-3 rasvhappe sisaldusega. [&hellip;]<\/p>","protected":false},"featured_media":1479,"comment_status":"open","ping_status":"closed","template":"","meta":[],"product_brand":[],"product_cat":[19],"product_tag":[],"class_list":{"0":"post-1600","1":"product","2":"type-product","3":"status-publish","4":"has-post-thumbnail","6":"product_cat-maslo","8":"first","9":"instock","10":"shipping-taxable","11":"purchasable","12":"product-type-variable"},"_links":{"self":[{"href":"https:\/\/vana.oilika.ee\/en\/wp-json\/wp\/v2\/product\/1600","targetHints":{"allow":["GET"]}}],"collection":[{"href":"https:\/\/vana.oilika.ee\/en\/wp-json\/wp\/v2\/product"}],"about":[{"href":"https:\/\/vana.oilika.ee\/en\/wp-json\/wp\/v2\/types\/product"}],"replies":[{"embeddable":true,"href":"https:\/\/vana.oilika.ee\/en\/wp-json\/wp\/v2\/comments?post=1600"}],"wp:featuredmedia":[{"embeddable":true,"href":"https:\/\/vana.oilika.ee\/en\/wp-json\/wp\/v2\/media\/1479"}],"wp:attachment":[{"href":"https:\/\/vana.oilika.ee\/en\/wp-json\/wp\/v2\/media?parent=1600"}],"wp:term":[{"taxonomy":"product_brand","embeddable":true,"href":"https:\/\/vana.oilika.ee\/en\/wp-json\/wp\/v2\/product_brand?post=1600"},{"taxonomy":"product_cat","embeddable":true,"href":"https:\/\/vana.oilika.ee\/en\/wp-json\/wp\/v2\/product_cat?post=1600"},{"taxonomy":"product_tag","embeddable":true,"href":"https:\/\/vana.oilika.ee\/en\/wp-json\/wp\/v2\/product_tag?post=1600"}],"curies":[{"name":"wp","href":"https:\/\/api.w.org\/{rel}","templated":true}]}}