{"id":1604,"date":"2024-06-22T18:02:11","date_gmt":"2024-06-22T15:02:11","guid":{"rendered":"https:\/\/vana.oilika.ee\/?post_type=product&#038;p=1604"},"modified":"2024-12-27T23:04:41","modified_gmt":"2024-12-27T20:04:41","slug":"konoplyanoe-maslo","status":"publish","type":"product","link":"https:\/\/vana.oilika.ee\/en\/product\/konoplyanoe-maslo\/","title":{"rendered":"Hemp oil"},"content":{"rendered":"<h2 class=\"elementor-heading-title elementor-size-default\">Description<\/h2>\n<p><strong>What makes Oilika hemp oil unique?<\/strong><\/p>\n<p>100% hemp oil, which is high in omega-3 fatty acids - 20.02 g per 100 ml. Hemp oil is also high in vitamin E, which is necessary to inhibit cell ageing. It is an essential fat-soluble vitamin, the uptake of which depends on the presence of fats. Hemp oil is one of the best sources of vitamin E.<\/p>\n<p><strong>Taste<\/strong><\/p>\n<p>Hemp seed oil is dark green in colour and has a pleasant nutty flavour.<\/p>\n<p><strong>Technology<\/strong><\/p>\n<p>At Oilika, hemp oil is cold pressed and shipped fresh. The oil is pressed in a hydraulic press at room temperature and does not come into contact with metal. The cold-pressing method keeps the oil temperature below 25\u00b0C in order to preserve the beneficial properties of the oil.<\/p>\n<p>Suitable for vegetarians and raw foodists.<\/p>\n<p><strong>NUTRITIONAL INFORMATION PER 100 G<\/strong><\/p>\n<table>\n<tbody>\n<tr>\n<td><strong>Energy content<\/strong><\/td>\n<td>3683 kJ \/ 896 kcal<\/td>\n<\/tr>\n<tr>\n<td><strong>Fats<\/strong><\/td>\n<td>99,13 g<\/td>\n<\/tr>\n<tr>\n<td>incl Saturated fatty acids<\/td>\n<td>9,20 g<\/td>\n<\/tr>\n<tr>\n<td>Polyunsaturated fatty acids<\/td>\n<td>69,67 g<\/td>\n<\/tr>\n<tr>\n<td>- omega-3<\/td>\n<td>20,02 g<\/td>\n<\/tr>\n<tr>\n<td>- including alpha-linolenic acid (18:3 omega-3)<\/td>\n<td>18,42 g<\/td>\n<\/tr>\n<tr>\n<td>- omega-6<\/td>\n<td>55,76 g<\/td>\n<\/tr>\n<tr>\n<td>- including linoleic acid (18:2 omega-6)<\/td>\n<td>51,25 g<\/td>\n<\/tr>\n<tr>\n<td>Monounsaturated fatty acids<\/td>\n<td>8,55 g<\/td>\n<\/tr>\n<tr>\n<td>including oleic acid (18:1 omega-9)<\/td>\n<td>8,16 g<\/td>\n<\/tr>\n<tr>\n<td><strong>Hydrocarbons<\/strong><\/td>\n<td>0 g<\/td>\n<\/tr>\n<tr>\n<td>of which sugar<\/td>\n<td>0 g<\/td>\n<\/tr>\n<tr>\n<td><strong>Valk<\/strong><\/td>\n<td>0 g<\/td>\n<\/tr>\n<tr>\n<td><strong>Salt<\/strong><\/td>\n<td>0 g<\/td>\n<\/tr>\n<tr>\n<td><strong>Vitamin E<\/strong><\/td>\n<td>93,12 mg<\/td>\n<\/tr>\n<\/tbody>\n<\/table>\n<p><strong>Use of<\/strong><\/p>\n<p><strong>NB!<\/strong> Cold-pressed oils are very sensitive to high temperatures, so Oilika hemp oil is not suitable for frying or baking.<\/p>\n<p>With its unique nutty flavour, reminiscent of \"sunflower oil\" in some ways, Oilika hemp oil is perfect for salads and other dishes where you want to add a bright note of flavour:<\/p>\n<ul>\n<li>Ideal for flavouring already cooked dishes (porridges, stews, stewed vegetables, etc.).<\/li>\n<li>For flavouring cold dishes (salads, sauces, cottage cheese, etc.). The most common tomato and cucumber salad becomes much tastier with our hemp oil.<\/li>\n<li>Hemp oil is ideal for adding to sauerkraut.<\/li>\n<li>As a base oil in skin care with essential oils.<\/li>\n<\/ul>\n<p>&nbsp;<\/p>\n<p><strong>Storage at<\/strong><\/p>\n<p>To fully enjoy the taste of our hemp oil, remember:<\/p>\n<ul>\n<li>Store the oil in a cool place in the dark, it is better to keep it in the fridge.<\/li>\n<li>Store the oil in its original packaging. The packaging and dark glass further protect the oil from the effects of light and temperature changes.<\/li>\n<li>Keep the oil in a sealed bottle.<\/li>\n<li>Use the oil for 1 year from the date of manufacture.<\/li>\n<\/ul>","protected":false},"excerpt":{"rendered":"<p>Kirjeldus Mis teeb Oilika kanepi\u00f5li ainulaadseks? 100% kanepi\u00f5li, mis on k\u00f5rge oomega-3 rasvhapete sisaldusega \u2013 20,02 g 100 ml kohta. Samuti on kanepi\u00f5lis palju E-vitamiini, mis on vajalik rakkude vananemise pidurdamiseks. See on asendamatu rasvlahustuv vitamiin, mille omastamine s\u00f5ltub rasvade olemasolust. Kanepi\u00f5li on \u00fcks parimatest E-vitamiini allikatest. Maitse Kanepi\u00f5li on tumerohelist v\u00e4rvi ja meeldiva p\u00e4hklise [&hellip;]<\/p>","protected":false},"featured_media":1607,"comment_status":"open","ping_status":"closed","template":"","meta":[],"product_brand":[],"product_cat":[19],"product_tag":[],"class_list":{"0":"post-1604","1":"product","2":"type-product","3":"status-publish","4":"has-post-thumbnail","6":"product_cat-maslo","8":"first","9":"instock","10":"shipping-taxable","11":"purchasable","12":"product-type-variable"},"_links":{"self":[{"href":"https:\/\/vana.oilika.ee\/en\/wp-json\/wp\/v2\/product\/1604","targetHints":{"allow":["GET"]}}],"collection":[{"href":"https:\/\/vana.oilika.ee\/en\/wp-json\/wp\/v2\/product"}],"about":[{"href":"https:\/\/vana.oilika.ee\/en\/wp-json\/wp\/v2\/types\/product"}],"replies":[{"embeddable":true,"href":"https:\/\/vana.oilika.ee\/en\/wp-json\/wp\/v2\/comments?post=1604"}],"wp:featuredmedia":[{"embeddable":true,"href":"https:\/\/vana.oilika.ee\/en\/wp-json\/wp\/v2\/media\/1607"}],"wp:attachment":[{"href":"https:\/\/vana.oilika.ee\/en\/wp-json\/wp\/v2\/media?parent=1604"}],"wp:term":[{"taxonomy":"product_brand","embeddable":true,"href":"https:\/\/vana.oilika.ee\/en\/wp-json\/wp\/v2\/product_brand?post=1604"},{"taxonomy":"product_cat","embeddable":true,"href":"https:\/\/vana.oilika.ee\/en\/wp-json\/wp\/v2\/product_cat?post=1604"},{"taxonomy":"product_tag","embeddable":true,"href":"https:\/\/vana.oilika.ee\/en\/wp-json\/wp\/v2\/product_tag?post=1604"}],"curies":[{"name":"wp","href":"https:\/\/api.w.org\/{rel}","templated":true}]}}