{"id":1616,"date":"2024-06-22T18:21:28","date_gmt":"2024-06-22T15:21:28","guid":{"rendered":"https:\/\/vana.oilika.ee\/?post_type=product&#038;p=1616"},"modified":"2024-12-27T23:07:34","modified_gmt":"2024-12-27T20:07:34","slug":"kunzhutnoe-maslo","status":"publish","type":"product","link":"https:\/\/vana.oilika.ee\/en\/product\/kunzhutnoe-oil\/","title":{"rendered":"Sesame oil"},"content":{"rendered":"<h2 class=\"elementor-heading-title elementor-size-default\">Description<\/h2>\n<p><strong>What makes Oilika sesame oil unique?<\/strong><\/p>\n<p>100% Sesame oil. It is very useful for enriching the flavour of everyday foods. The oil is cold-pressed from white sesame seeds. It is widely used in Indian and Asian cuisine.<\/p>\n<p><strong>Taste<\/strong><\/p>\n<p>As the seeds are not heat treated, the beer has a pleasant, delicate sesame flavour.<\/p>\n<p><strong>Technology<\/strong><\/p>\n<p>At Oilika, the oil is cold-pressed (at room temperature below 25\u00b0C) in a hydraulic press without any contact with metal, thus preserving all the beneficial properties of the oil.<\/p>\n<p>Suitable for vegetarians and raw foodists.<\/p>\n<p><strong>Allergens<\/strong><\/p>\n<p>The oil is derived from sesame seeds.<\/p>\n<p><strong>NUTRITIONAL INFORMATION PER 100 G<\/strong><\/p>\n<table>\n<tbody>\n<tr>\n<td><strong>Energy content<\/strong><\/td>\n<td>3694 kJ \/ 898 kcal<\/td>\n<\/tr>\n<tr>\n<td><strong>Fats<\/strong><\/td>\n<td>99,78 \u0433<\/td>\n<\/tr>\n<tr>\n<td>incl Saturated fatty acids<\/td>\n<td>15,69 \u0433<\/td>\n<\/tr>\n<tr>\n<td><strong>Hydrocarbons<\/strong><\/td>\n<td>0 g<\/td>\n<\/tr>\n<tr>\n<td>of which sugar<\/td>\n<td>0 g<\/td>\n<\/tr>\n<tr>\n<td><strong>Valk<\/strong><\/td>\n<td>0,10 \u0433<\/td>\n<\/tr>\n<tr>\n<td><strong>Salt<\/strong><\/td>\n<td>0 g<\/td>\n<\/tr>\n<\/tbody>\n<\/table>\n<p><strong>Use of<\/strong><\/p>\n<p><strong>NB!<\/strong>\u00a0Cold-pressed oils are very sensitive to high temperatures, so Oilika sesame oil is not suitable for frying or baking.<\/p>\n<p>Oilika sesame oil works very well:<\/p>\n<ul>\n<li>As a salad dressing for both cold and hot dishes, it helps reduce the consumption of animal fats and is healthier.<\/li>\n<li>For making sauces and Asian dishes<\/li>\n<li>Base oil for skin care with essential oils.<\/li>\n<\/ul>\n<p>&nbsp;<\/p>\n<p><strong>Storage at<\/strong><\/p>\n<p>To fully enjoy the taste of our Oilika sesame oil, remember:<\/p>\n<ul>\n<li>Store unopened oil in a cool, dark place, unopened in the fridge.<\/li>\n<li>Store the oil in its original packaging - dark glass protects the oil from light and temperature changes.<\/li>\n<li>Store sesame oil in a sealed bottle, the date of preparation and the shelf life of the oil are indicated on the packaging.<\/li>\n<li>Use the oil for 1 year from the date of manufacture.<\/li>\n<\/ul>\n<p>&nbsp;<\/p>\n<p><strong>NB!<\/strong> If you store sesame oil in the fridge, you will notice sediment forming in the bottle. This is normal because sesame oil is higher in saturated fatty acids, which solidify at low temperatures. In this case, take the oil out of the fridge, wait until the sediment disappears, use the oil and put it back in the fridge.<\/p>","protected":false},"excerpt":{"rendered":"<p>Kirjeldus Mis teeb Oilika seesami\u00f5li ainulaadseks? 100% seesami\u00f5li. On v\u00e4ga kasulik igap\u00e4evaselt toitude maitse rikastamiseks. \u00d5li on valmistatud valgetest seesamiseemnetest k\u00fclmpressmeetodil. Seda kasutatakse laialdaselt India ja Aasia k\u00f6\u00f6gis. Maitse Kuna seemned ei ole kuumalt t\u00f6\u00f6deldud, on \u00f5lil meeldiv \u00f5rn seesamimaitse. Tehnoloogia Ettev\u00f5ttes Oilika pressitakse\u00a0 \u00f5li\u00a0 k\u00fclmpressmeetodil (toatemperatuuril alla 25\u00b0\u0421) h\u00fcdraulilises pressis ilma metalliga kokku puutumata, [&hellip;]<\/p>","protected":false},"featured_media":1485,"comment_status":"open","ping_status":"closed","template":"","meta":[],"product_brand":[],"product_cat":[19],"product_tag":[],"class_list":{"0":"post-1616","1":"product","2":"type-product","3":"status-publish","4":"has-post-thumbnail","6":"product_cat-maslo","8":"first","9":"instock","10":"shipping-taxable","11":"purchasable","12":"product-type-variable"},"_links":{"self":[{"href":"https:\/\/vana.oilika.ee\/en\/wp-json\/wp\/v2\/product\/1616","targetHints":{"allow":["GET"]}}],"collection":[{"href":"https:\/\/vana.oilika.ee\/en\/wp-json\/wp\/v2\/product"}],"about":[{"href":"https:\/\/vana.oilika.ee\/en\/wp-json\/wp\/v2\/types\/product"}],"replies":[{"embeddable":true,"href":"https:\/\/vana.oilika.ee\/en\/wp-json\/wp\/v2\/comments?post=1616"}],"wp:featuredmedia":[{"embeddable":true,"href":"https:\/\/vana.oilika.ee\/en\/wp-json\/wp\/v2\/media\/1485"}],"wp:attachment":[{"href":"https:\/\/vana.oilika.ee\/en\/wp-json\/wp\/v2\/media?parent=1616"}],"wp:term":[{"taxonomy":"product_brand","embeddable":true,"href":"https:\/\/vana.oilika.ee\/en\/wp-json\/wp\/v2\/product_brand?post=1616"},{"taxonomy":"product_cat","embeddable":true,"href":"https:\/\/vana.oilika.ee\/en\/wp-json\/wp\/v2\/product_cat?post=1616"},{"taxonomy":"product_tag","embeddable":true,"href":"https:\/\/vana.oilika.ee\/en\/wp-json\/wp\/v2\/product_tag?post=1616"}],"curies":[{"name":"wp","href":"https:\/\/api.w.org\/{rel}","templated":true}]}}