{"id":1600,"date":"2024-06-22T17:56:35","date_gmt":"2024-06-22T14:56:35","guid":{"rendered":"https:\/\/vana.oilika.ee\/?post_type=product&#038;p=1600"},"modified":"2025-04-07T01:04:24","modified_gmt":"2025-04-06T22:04:24","slug":"maslo-semyan-chia","status":"publish","type":"product","link":"https:\/\/vana.oilika.ee\/ru\/product\/maslo-semyan-chia\/","title":{"rendered":"\u041c\u0430\u0441\u043b\u043e \u0441\u0435\u043c\u044f\u043d \u0447\u0438\u0430"},"content":{"rendered":"<h2 class=\"elementor-heading-title elementor-size-default\">\u041e\u043f\u0438\u0441\u0430\u043d\u0438\u0435<\/h2>\n<p><strong>\u0427\u0435\u043c \u0443\u043d\u0438\u043a\u0430\u043b\u044c\u043d\u043e \u043c\u0430\u0441\u043b\u043e \u0441\u0435\u043c\u044f\u043d \u0447\u0438\u0430 \u043e\u0442 Oilika?<\/strong><\/p>\n<p>\u041c\u0430\u0441\u043b\u043e \u0441\u0435\u043c\u044f\u043d \u0447\u0438\u0430 Oilika 100% (Oilseed Aloe Vera), \u043a\u043e\u0442\u043e\u0440\u043e\u0435 \u0432\u044b \u043c\u043e\u0436\u0435\u0442\u0435 \u0438\u0441\u043f\u043e\u043b\u044c\u0437\u043e\u0432\u0430\u0442\u044c \u0441\u0440\u0430\u0437\u0443 \u043f\u043e\u0441\u043b\u0435 \u043e\u0442\u0436\u0438\u043c\u0430.<br \/>\n\u043d\u0430\u0447\u043d\u0438\u0442\u0435 \u0438\u0441\u043f\u043e\u043b\u044c\u0437\u043e\u0432\u0430\u0442\u044c.<\/p>\n<p>\u0423\u043d\u0438\u043a\u0430\u043b\u044c\u043d\u044b\u0439 \u043f\u0440\u043e\u0434\u0443\u043a\u0442, \u043f\u0440\u043e\u0438\u0437\u0432\u043e\u0434\u0438\u043c\u044b\u0439 \u0432 \u042d\u0441\u0442\u043e\u043d\u0438\u0438 \u0442\u043e\u043b\u044c\u043a\u043e \u043d\u0430\u0448\u0435\u0439 \u043a\u043e\u043c\u043f\u0430\u043d\u0438\u0435\u0439 Oilika.<\/p>\n<p>\u0427\u0435\u043b\u043e\u0432\u0435\u0447\u0435\u0441\u043a\u0438\u0439 \u043e\u0440\u0433\u0430\u043d\u0438\u0437\u043c \u043d\u0435 \u0432\u044b\u0440\u0430\u0431\u0430\u0442\u044b\u0432\u0430\u0435\u0442 \u043e\u043c\u0435\u0433\u0430-3 \u0436\u0438\u0440\u043d\u044b\u0435 \u043a\u0438\u0441\u043b\u043e\u0442\u044b, \u043f\u043e\u044d\u0442\u043e\u043c\u0443 \u043c\u0430\u0441\u043b\u043e \u0441\u0435\u043c\u044f\u043d \u0447\u0438\u0430 \u043e\u0442 Oilika - \u0445\u043e\u0440\u043e\u0448\u0438\u0439 \u0438 \u043f\u0440\u043e\u0441\u0442\u043e\u0439 \u0441\u043f\u043e\u0441\u043e\u0431 \u043f\u043e\u0434\u0434\u0435\u0440\u0436\u0430\u0442\u044c \u0441\u0432\u043e\u0435 \u0437\u0434\u043e\u0440\u043e\u0432\u044c\u0435, \u0432\u0435\u0434\u044c \u043e\u043d\u043e \u0441\u043e\u0434\u0435\u0440\u0436\u0438\u0442 \u0431\u043e\u043b\u044c\u0448\u043e\u0435 \u043a\u043e\u043b\u0438\u0447\u0435\u0441\u0442\u0432\u043e \u043e\u043c\u0435\u0433\u0430-3 \u0436\u0438\u0440\u043d\u044b\u0445 \u043a\u0438\u0441\u043b\u043e\u0442. \u0412 100 \u043c\u043b \u043c\u0430\u0441\u043b\u0430 \u0441\u043e\u0434\u0435\u0440\u0436\u0438\u0442\u0441\u044f 62,01 \u0433, \u0447\u0442\u043e \u044f\u0432\u043b\u044f\u0435\u0442\u0441\u044f \u043b\u0443\u0447\u0448\u0438\u043c \u043f\u043e\u043a\u0430\u0437\u0430\u0442\u0435\u043b\u0435\u043c \u043f\u043e \u0441\u0440\u0430\u0432\u043d\u0435\u043d\u0438\u044e \u0441 \u0434\u0440\u0443\u0433\u0438\u043c\u0438 \u043d\u0430\u0448\u0438\u043c\u0438 \u043c\u0430\u0441\u043b\u0430\u043c\u0438.<\/p>\n<p>\u0412\u0441\u0435 \u043c\u044b \u0441\u043b\u044b\u0448\u0430\u043b\u0438 \u043e \u043f\u043e\u043b\u044c\u0437\u0435 \u0441\u0435\u043c\u044f\u043d \u0447\u0438\u0430. \u041e\u043d\u0438 \u0438\u0437\u0432\u0435\u0441\u0442\u043d\u044b \u043a\u0430\u043a \u0438\u0441\u0442\u043e\u0447\u043d\u0438\u043a \u043e\u043c\u0435\u0433\u0430-3 \u0436\u0438\u0440\u043d\u044b\u0445 \u043a\u0438\u0441\u043b\u043e\u0442 \u0438 \u043e\u0431\u043b\u0430\u0434\u0430\u044e\u0442 \u043c\u043d\u043e\u0436\u0435\u0441\u0442\u0432\u043e\u043c \u043f\u043e\u043b\u0435\u0437\u043d\u044b\u0445 \u0441\u0432\u043e\u0439\u0441\u0442\u0432:<\/p>\n<ul>\n<li>\u0417\u0430\u0449\u0438\u0449\u0430\u0435\u0442 \u0441\u0435\u0440\u0434\u0435\u0447\u043d\u043e-\u0441\u043e\u0441\u0443\u0434\u0438\u0441\u0442\u0443\u044e \u0441\u0438\u0441\u0442\u0435\u043c\u0443<\/li>\n<li>\u0423\u043a\u0440\u0435\u043f\u043b\u044f\u0435\u0442 \u0438\u043c\u043c\u0443\u043d\u043d\u0443\u044e \u0441\u0438\u0441\u0442\u0435\u043c\u0443<\/li>\n<li>\u0423\u043b\u0443\u0447\u0448\u0430\u0435\u0442 \u0440\u0430\u0431\u043e\u0442\u0443 \u043c\u043e\u0437\u0433\u0430<\/li>\n<li>\u0423\u043c\u0435\u043d\u044c\u0448\u0430\u0435\u0442 \u0432\u043e\u0441\u043f\u0430\u043b\u0435\u043d\u0438\u0435 \u0432 \u043e\u0440\u0433\u0430\u043d\u0438\u0437\u043c\u0435<\/li>\n<\/ul>\n<p>&nbsp;<\/p>\n<p><strong>\u0412\u043a\u0443\u0441<\/strong><br \/>\n\u041f\u0438\u0432\u043e \u0438\u0437 \u0441\u0435\u043c\u044f\u043d \u0447\u0438\u0430 (\u043c\u0430\u0441\u043b\u043e) \u0438\u043c\u0435\u0435\u0442 \u043f\u0440\u0438\u044f\u0442\u043d\u044b\u0439 \u0432\u043a\u0443\u0441 \u0438 \u043a\u0440\u0430\u0441\u0438\u0432\u044b\u0439 \u0441\u0432\u0435\u0442\u043b\u043e-\u0436\u0435\u043b\u0442\u044b\u0439 \u0446\u0432\u0435\u0442.<\/p>\n<p><strong>\u0422\u0435\u0445\u043d\u043e\u043b\u043e\u0433\u0438\u044f<\/strong><br \/>\n\u0412 Oilika \u043c\u0430\u0441\u043b\u043e \u043f\u043e\u0434\u0432\u0435\u0440\u0433\u0430\u0435\u0442\u0441\u044f \u0445\u043e\u043b\u043e\u0434\u043d\u043e\u043c\u0443 \u043f\u0440\u0435\u0441\u0441\u043e\u0432\u0430\u043d\u0438\u044e (\u043f\u0440\u0438 \u043a\u043e\u043c\u043d\u0430\u0442\u043d\u043e\u0439 \u0442\u0435\u043c\u043f\u0435\u0440\u0430\u0442\u0443\u0440\u0435 \u043d\u0438\u0436\u0435 25\u00b0C) \u0432 \u0433\u0438\u0434\u0440\u0430\u0432\u043b\u0438\u0447\u0435\u0441\u043a\u043e\u043c \u043f\u0440\u0435\u0441\u0441\u0435 \u0431\u0435\u0437 \u043a\u043e\u043d\u0442\u0430\u043a\u0442\u0430 \u0441 \u043c\u0435\u0442\u0430\u043b\u043b\u043e\u043c, \u0447\u0442\u043e \u043f\u043e\u0437\u0432\u043e\u043b\u044f\u0435\u0442 \u0441\u043e\u0445\u0440\u0430\u043d\u0438\u0442\u044c \u0432\u0441\u0435 \u043f\u043e\u043b\u0435\u0437\u043d\u044b\u0435 \u0441\u0432\u043e\u0439\u0441\u0442\u0432\u0430 \u043c\u0430\u0441\u043b\u0430.<\/p>\n<p>\u041b\u044c\u043d\u044f\u043d\u043e\u0435 \u043c\u0430\u0441\u043b\u043e Oilika \u043c\u043e\u0436\u043d\u043e \u0443\u043f\u043e\u0442\u0440\u0435\u0431\u043b\u044f\u0442\u044c \u043b\u044e\u0434\u044f\u043c \u0441\u043e\u0431\u043b\u044e\u0434\u0430\u044e\u0449\u0438\u043c \u043f\u043e\u0441\u0442, \u0432\u0435\u0433\u0435\u0442\u0430\u0440\u0438\u0430\u043d\u0441\u0442\u0432\u043e, \u0432\u0435\u0433\u0430\u043d\u0441\u0442\u0432\u043e \u0438\n\u0441\u044b\u0440\u043e\u0435\u0434\u0435\u043d\u0438\u0435.<\/p>\n<p>\u041d\u0435 \u0436\u0435\u043b\u0430\u0442\u0435\u043b\u044c\u043d\u043e \u0443\u043f\u043e\u0442\u0440\u0435\u0431\u043b\u044f\u0439\u0442\u0435 \u0431\u043e\u043b\u0435\u0435 2 \u0433 \u0432 \u0434\u0435\u043d\u044c.<\/p>\n<p><strong>\u041f\u0418\u0429\u0415\u0412\u0410\u042f \u0426\u0415\u041d\u041d\u041e\u0421\u0422\u042c \u041d\u0410 100 \u0413<\/strong><\/p>\n<table>\n<tbody>\n<tr>\n<td><strong>\u0421\u043e\u0434\u0435\u0440\u0436\u0430\u043d\u0438\u0435 \u044d\u043d\u0435\u0440\u0433\u0438\u0438<\/strong><\/td>\n<td>3694 \u043a\u0414\u0436 \/ 899 \u043a\u043a\u0430\u043b<\/td>\n<\/tr>\n<tr>\n<td><strong>\u0416\u0438\u0440\u044b<\/strong><\/td>\n<td>99,72 g<\/td>\n<\/tr>\n<tr>\n<td>\u0432\u043a\u043b. \u041d\u0430\u0441\u044b\u0449\u0435\u043d\u043d\u044b\u0435 \u0436\u0438\u0440\u043d\u044b\u0435 \u043a\u0438\u0441\u043b\u043e\u0442\u044b<\/td>\n<td>9,62 g<\/td>\n<\/tr>\n<tr>\n<td>\u041f\u043e\u043b\u0438\u043d\u0435\u043d\u0430\u0441\u044b\u0449\u0435\u043d\u043d\u044b\u0435 \u0436\u0438\u0440\u043d\u044b\u0435 \u043a\u0438\u0441\u043b\u043e\u0442\u044b<\/td>\n<td>78,97 g<\/td>\n<\/tr>\n<tr>\n<td>- \u043e\u043c\u0435\u0433\u0430-3<\/td>\n<td>62,01 g<\/td>\n<\/tr>\n<tr>\n<td>- \u0432\u043a\u043b\u044e\u0447\u0430\u044f \u0430\u043b\u044c\u0444\u0430-\u043b\u0438\u043d\u043e\u043b\u0435\u043d\u043e\u0432\u0443\u044e \u043a\u0438\u0441\u043b\u043e\u0442\u0443 (18:3 \u043e\u043c\u0435\u0433\u0430-3)<\/td>\n<td>62,01 g<\/td>\n<\/tr>\n<tr>\n<td>- \u043e\u043c\u0435\u0433\u0430-6<\/td>\n<td>16,96 g<\/td>\n<\/tr>\n<tr>\n<td>- \u0432\u043a\u043b\u044e\u0447\u0430\u044f \u043b\u0438\u043d\u043e\u043b\u0435\u0432\u0443\u044e \u043a\u0438\u0441\u043b\u043e\u0442\u0443 (18:2 \u043e\u043c\u0435\u0433\u0430-6)<\/td>\n<td>16,64 g<\/td>\n<\/tr>\n<tr>\n<td>\u041c\u043e\u043d\u043e\u043d\u0435\u043d\u0430\u0441\u044b\u0449\u0435\u043d\u043d\u044b\u0435 \u0436\u0438\u0440\u043d\u044b\u0435 \u043a\u0438\u0441\u043b\u043e\u0442\u044b<\/td>\n<td>6,04 g<\/td>\n<\/tr>\n<tr>\n<td>\u0432\u043a\u043b\u044e\u0447\u0430\u044f \u043e\u043b\u0435\u0438\u043d\u043e\u0432\u0443\u044e \u043a\u0438\u0441\u043b\u043e\u0442\u0443 (18:1 \u043e\u043c\u0435\u0433\u0430-9)<\/td>\n<td>4,83 g<\/td>\n<\/tr>\n<tr>\n<td><strong>\u0423\u0433\u043b\u0435\u0432\u043e\u0434\u043e\u0440\u043e\u0434\u044b<\/strong><\/td>\n<td>0 g<\/td>\n<\/tr>\n<tr>\n<td>\u0438\u0437 \u043d\u0438\u0445 \u0441\u0430\u0445\u0430\u0440<\/td>\n<td>0 g<\/td>\n<\/tr>\n<tr>\n<td><strong>\u0411\u0435\u043b\u043a\u0438<\/strong><\/td>\n<td>0,11 g<\/td>\n<\/tr>\n<tr>\n<td><strong>\u0421\u043e\u043b\u044c<\/strong><\/td>\n<td>0 g<\/td>\n<\/tr>\n<\/tbody>\n<\/table>\n<p><strong>\u0418\u0441\u043f\u043e\u043b\u044c\u0437\u043e\u0432\u0430\u043d\u0438\u0435<\/strong><\/p>\n<p><strong>NB!<\/strong> \u041c\u0430\u0441\u043b\u0430 \u0445\u043e\u043b\u043e\u0434\u043d\u043e\u0433\u043e \u043e\u0442\u0436\u0438\u043c\u0430 \u043e\u0447\u0435\u043d\u044c \u0447\u0443\u0432\u0441\u0442\u0432\u0438\u0442\u0435\u043b\u044c\u043d\u044b \u043a \u0432\u044b\u0441\u043e\u043a\u0438\u043c \u0442\u0435\u043c\u043f\u0435\u0440\u0430\u0442\u0443\u0440\u0430\u043c, \u043f\u043e\u044d\u0442\u043e\u043c\u0443 \u043c\u0430\u0441\u043b\u043e \u0441\u0435\u043c\u044f\u043d \u0447\u0438\u0430 Oilika \u043d\u0435 \u043f\u043e\u0434\u0445\u043e\u0434\u0438\u0442 \u0434\u043b\u044f \u0436\u0430\u0440\u043a\u0438 \u0438\u043b\u0438 \u0432\u044b\u043f\u0435\u0447\u043a\u0438. \u041c\u0430\u0441\u043b\u043e \u0441\u0435\u043c\u044f\u043d \u0447\u0438\u0430 Oilika \u043e\u0431\u043b\u0430\u0434\u0430\u0435\u0442 \u043d\u0435\u0436\u043d\u044b\u043c \u0432\u043a\u0443\u0441\u043e\u043c, \u0447\u0442\u043e \u043f\u043e\u0437\u0432\u043e\u043b\u044f\u0435\u0442 \u0438\u0441\u043f\u043e\u043b\u044c\u0437\u043e\u0432\u0430\u0442\u044c \u0435\u0433\u043e \u043a\u0430\u043a \u0432 \u0441\u043b\u0430\u0434\u043a\u0438\u0445, \u0442\u0430\u043a \u0438 \u0432 \u0441\u043e\u043b\u0435\u043d\u044b\u0445 \u0431\u043b\u044e\u0434\u0430\u0445.<\/p>\n<p>\u0418\u0441\u043f\u043e\u043b\u044c\u0437\u0443\u0439\u0442\u0435 \u043d\u0430\u0448\u0435 \u043c\u0430\u0441\u043b\u043e \u0438\u0437 \u0441\u0435\u043c\u044f\u043d \u0447\u0438\u0430:<\/p>\n<ul>\n<li>\u0414\u043b\u044f \u0430\u0440\u043e\u043c\u0430\u0442\u0438\u0437\u0430\u0446\u0438\u0438 \u0445\u043e\u043b\u043e\u0434\u043d\u044b\u0445 \u0431\u043b\u044e\u0434 (\u0441\u0430\u043b\u0430\u0442\u043e\u0432, \u0441\u043e\u0443\u0441\u043e\u0432, \u0442\u0432\u043e\u0440\u043e\u0433\u0430, \u0432\u0430\u0440\u0435\u043d\u044b\u0445 \u043e\u0432\u043e\u0449\u0435\u0439 \u0438 \u0442.\u0434.).<\/li>\n<li>\u041c\u0430\u0441\u043b\u043e \u0441\u0435\u043c\u044f\u043d \u0447\u0438\u0430 \u043e\u0447\u0435\u043d\u044c \u043f\u043e\u0434\u0445\u043e\u0434\u0438\u0442 \u0434\u043b\u044f \u043a\u0430\u0448 \u0432\u043c\u0435\u0441\u0442\u043e \u0441\u043b\u0438\u0432\u043e\u0447\u043d\u043e\u0433\u043e \u043c\u0430\u0441\u043b\u0430, \u043e\u043d\u043e \u043f\u043e\u043c\u043e\u0433\u0430\u0435\u0442 \u0441\u043d\u0438\u0437\u0438\u0442\u044c\n\u043f\u043e\u0442\u0440\u0435\u0431\u043b\u0435\u043d\u0438\u0435 \u0436\u0438\u0432\u043e\u0442\u043d\u044b\u0445 \u0436\u0438\u0440\u043e\u0432 \u0438 \u0434\u0435\u043b\u0430\u0435\u0442 \u043a\u0430\u0448\u0438 \u0431\u043e\u043b\u0435\u0435 \u043f\u043e\u043b\u0435\u0437\u043d\u044b\u043c\u0438.<\/li>\n<li>\u041c\u0430\u0441\u043b\u043e \u0441\u0435\u043c\u044f\u043d \u0447\u0438\u0430 \u0448\u0438\u0440\u043e\u043a\u043e \u0438\u0441\u043f\u043e\u043b\u044c\u0437\u0443\u0435\u0442\u0441\u044f \u0432 \u043a\u0430\u0447\u0435\u0441\u0442\u0432\u0435 \u0431\u0430\u0437\u043e\u0432\u043e\u0433\u043e \u043c\u0430\u0441\u043b\u0430 \u0434\u043b\u044f \u043a\u043e\u0441\u043c\u0435\u0442\u0438\u0447\u0435\u0441\u043a\u0438\u0445 \u0441\u0440\u0435\u0434\u0441\u0442\u0432.<\/li>\n<\/ul>\n<p>&nbsp;<\/p>\n<p><strong>\u0425\u0440\u0430\u043d\u0435\u043d\u0438\u0435<\/strong><\/p>\n<p>\u041c\u0430\u0441\u043b\u043e \u0441\u0435\u043c\u044f\u043d \u0447\u0438\u0430 Oilika \u043e\u0442\u043b\u0438\u0447\u0430\u0435\u0442\u0441\u044f \u0432\u044b\u0441\u043e\u043a\u0438\u043c \u0441\u043e\u0434\u0435\u0440\u0436\u0430\u043d\u0438\u0435\u043c \u043e\u043c\u0435\u0433\u0430-3 \u0436\u0438\u0440\u043d\u044b\u0445 \u043a\u0438\u0441\u043b\u043e\u0442, \u043a\u043e\u0442\u043e\u0440\u044b\u0435 \u043e\u0447\u0435\u043d\u044c \u0447\u0443\u0432\u0441\u0442\u0432\u0438\u0442\u0435\u043b\u044c\u043d\u044b \u043a \u0432\u043d\u0435\u0448\u043d\u0438\u043c \u0444\u0430\u043a\u0442\u043e\u0440\u0430\u043c (\u0441\u0432\u0435\u0442, \u0432\u0440\u0435\u043c\u044f \u0445\u0440\u0430\u043d\u0435\u043d\u0438\u044f, \u0442\u0435\u043c\u043f\u0435\u0440\u0430\u0442\u0443\u0440\u0430). \u041f\u043e\u044d\u0442\u043e\u043c\u0443 \u043c\u0430\u0441\u043b\u043e \u0438\u043c\u0435\u0435\u0442 \u043a\u043e\u0440\u043e\u0442\u043a\u0438\u0439 \u0441\u0440\u043e\u043a \u0445\u0440\u0430\u043d\u0435\u043d\u0438\u044f. \u041c\u044b \u043d\u0435 \u0440\u0435\u043a\u043e\u043c\u0435\u043d\u0434\u0443\u0435\u043c \u0437\u0430\u043a\u0430\u0437\u044b\u0432\u0430\u0442\u044c \u043c\u0430\u0441\u043b\u043e \u0441\u0435\u043c\u044f\u043d \u0447\u0438\u0430 Oilika \u043a\u0430\u043a \u0437\u0430\u043f\u0430\u0441\u043d\u043e\u0439 \u0432\u0430\u0440\u0438\u0430\u043d\u0442. \u041b\u0443\u0447\u0448\u0435 \u0437\u0430\u043a\u0430\u0437\u044b\u0432\u0430\u0442\u044c \u0440\u0430\u0437\u043d\u044b\u0435 \u043f\u0430\u0440\u0442\u0438\u0438, \u0447\u0442\u043e\u0431\u044b \u0432\u0441\u0435\u0433\u0434\u0430 \u0438\u043c\u0435\u0442\u044c \u0432\u043e\u0437\u043c\u043e\u0436\u043d\u043e\u0441\u0442\u044c \u043d\u0430\u0441\u043b\u0430\u0436\u0434\u0430\u0442\u044c\u0441\u044f \u0441\u0432\u0435\u0436\u0438\u043c \u043c\u0430\u0441\u043b\u043e\u043c.<\/p>\n<p>\u0427\u0442\u043e\u0431\u044b \u043d\u0430\u0441\u043b\u0430\u0434\u0438\u0442\u044c\u0441\u044f \u0432\u043a\u0443\u0441\u043e\u043c \u043c\u0430\u0441\u043b\u0430 \u0441\u0435\u043c\u044f\u043d \u0447\u0438\u0430 \u043e\u0442 Oilika \u0438 \u043f\u043e\u043b\u0443\u0447\u0438\u0442\u044c \u043c\u0430\u043a\u0441\u0438\u043c\u0443\u043c \u043f\u043e\u043b\u044c\u0437\u044b, \u043f\u043e\u043c\u043d\u0438\u0442\u0435:<\/p>\n<ul>\n<li>\u0425\u0440\u0430\u043d\u0438\u0442\u0435 \u043c\u0430\u0441\u043b\u043e \u0432 \u043f\u0440\u043e\u0445\u043b\u0430\u0434\u043d\u043e\u043c \u043c\u0435\u0441\u0442\u0435 \u0432 \u0442\u0435\u043c\u043d\u043e\u0442\u0435, \u043b\u0443\u0447\u0448\u0435 \u0432 \u0445\u043e\u043b\u043e\u0434\u0438\u043b\u044c\u043d\u0438\u043a\u0435.<\/li>\n<li>\u0425\u0440\u0430\u043d\u0438\u0442\u0435 \u043c\u0430\u0441\u043b\u043e \u0432 \u043e\u0440\u0438\u0433\u0438\u043d\u0430\u043b\u044c\u043d\u043e\u0439 \u0443\u043f\u0430\u043a\u043e\u0432\u043a\u0435. \u0423\u043f\u0430\u043a\u043e\u0432\u043a\u0430 \u0438 \u0442\u0435\u043c\u043d\u043e\u0435 \u0441\u0442\u0435\u043a\u043b\u043e \u0434\u043e\u043f\u043e\u043b\u043d\u0438\u0442\u0435\u043b\u044c\u043d\u043e \u0437\u0430\u0449\u0438\u0449\u0430\u044e\u0442 \u043c\u0430\u0441\u043b\u043e \u043e\u0442 \u0432\u043e\u0437\u0434\u0435\u0439\u0441\u0442\u0432\u0438\u044f \u0441\u0432\u0435\u0442\u0430 \u0438 \u043f\u0435\u0440\u0435\u043f\u0430\u0434\u043e\u0432 \u0442\u0435\u043c\u043f\u0435\u0440\u0430\u0442\u0443\u0440\u044b.<\/li>\n<li>\u0425\u0440\u0430\u043d\u0438\u0442\u0435 \u043c\u0430\u0441\u043b\u043e \u0432 \u0437\u0430\u043a\u0440\u044b\u0442\u043e\u0439 \u0431\u0443\u0442\u044b\u043b\u043a\u0435.<\/li>\n<li>\u0418\u0441\u043f\u043e\u043b\u044c\u0437\u0443\u0439\u0442\u0435 \u043c\u0430\u0441\u043b\u043e \u0432 \u0442\u0435\u0447\u0435\u043d\u0438\u0435 1 \u0433\u043e\u0434\u0430 \u0441 \u0434\u0430\u0442\u044b \u0438\u0437\u0433\u043e\u0442\u043e\u0432\u043b\u0435\u043d\u0438\u044f.<\/li>\n<\/ul>","protected":false},"excerpt":{"rendered":"<p>Kirjeldus Mis teeb Oilika chia seemne\u00f5li ainulaadseks? Oilika 100% chia seemne\u00f5li (\u00d5lisalvei), mida sul on v\u00f5imalus kohe p\u00e4rast pressimist tarvitama hakata. Ainulaadne toode, mida Eestis toodab ainult meie ettev\u00f5te Oilika. Inimese organism ei tooda oomega-3 rasvhappeid, seega on Oilika chia seemne\u00f5li hea ja lihtne v\u00f5imalus oma tervist toetada, sest \u00f5li on k\u00f5rge oomega-3 rasvhappe sisaldusega. [&hellip;]<\/p>","protected":false},"featured_media":1479,"comment_status":"open","ping_status":"closed","template":"","meta":[],"product_brand":[],"product_cat":[19],"product_tag":[],"class_list":{"0":"post-1600","1":"product","2":"type-product","3":"status-publish","4":"has-post-thumbnail","6":"product_cat-maslo","8":"first","9":"instock","10":"shipping-taxable","11":"purchasable","12":"product-type-variable"},"_links":{"self":[{"href":"https:\/\/vana.oilika.ee\/ru\/wp-json\/wp\/v2\/product\/1600","targetHints":{"allow":["GET"]}}],"collection":[{"href":"https:\/\/vana.oilika.ee\/ru\/wp-json\/wp\/v2\/product"}],"about":[{"href":"https:\/\/vana.oilika.ee\/ru\/wp-json\/wp\/v2\/types\/product"}],"replies":[{"embeddable":true,"href":"https:\/\/vana.oilika.ee\/ru\/wp-json\/wp\/v2\/comments?post=1600"}],"wp:featuredmedia":[{"embeddable":true,"href":"https:\/\/vana.oilika.ee\/ru\/wp-json\/wp\/v2\/media\/1479"}],"wp:attachment":[{"href":"https:\/\/vana.oilika.ee\/ru\/wp-json\/wp\/v2\/media?parent=1600"}],"wp:term":[{"taxonomy":"product_brand","embeddable":true,"href":"https:\/\/vana.oilika.ee\/ru\/wp-json\/wp\/v2\/product_brand?post=1600"},{"taxonomy":"product_cat","embeddable":true,"href":"https:\/\/vana.oilika.ee\/ru\/wp-json\/wp\/v2\/product_cat?post=1600"},{"taxonomy":"product_tag","embeddable":true,"href":"https:\/\/vana.oilika.ee\/ru\/wp-json\/wp\/v2\/product_tag?post=1600"}],"curies":[{"name":"wp","href":"https:\/\/api.w.org\/{rel}","templated":true}]}}