{"id":1616,"date":"2024-06-22T18:21:28","date_gmt":"2024-06-22T15:21:28","guid":{"rendered":"https:\/\/vana.oilika.ee\/?post_type=product&#038;p=1616"},"modified":"2024-12-27T23:07:34","modified_gmt":"2024-12-27T20:07:34","slug":"kunzhutnoe-maslo","status":"publish","type":"product","link":"https:\/\/vana.oilika.ee\/ru\/product\/kunzhutnoe-maslo\/","title":{"rendered":"\u041a\u0443\u043d\u0436\u0443\u0442\u043d\u043e\u0435 \u043c\u0430\u0441\u043b\u043e"},"content":{"rendered":"<h2 class=\"elementor-heading-title elementor-size-default\">\u041e\u043f\u0438\u0441\u0430\u043d\u0438\u0435<\/h2>\n<p><strong>\u0427\u0442\u043e \u0434\u0435\u043b\u0430\u0435\u0442 \u043a\u0443\u043d\u0436\u0443\u0442\u043d\u043e\u0435 \u043c\u0430\u0441\u043b\u043e Oilika \u0443\u043d\u0438\u043a\u0430\u043b\u044c\u043d\u044b\u043c?<\/strong><\/p>\n<p>100% \u041a\u0443\u043d\u0436\u0443\u0442\u043d\u043e\u0435 \u043c\u0430\u0441\u043b\u043e. \u041e\u0447\u0435\u043d\u044c \u043f\u043e\u043b\u0435\u0437\u043d\u043e \u0434\u043b\u044f \u043e\u0431\u043e\u0433\u0430\u0449\u0435\u043d\u0438\u044f \u0432\u043a\u0443\u0441\u0430 \u043f\u043e\u0432\u0441\u0435\u0434\u043d\u0435\u0432\u043d\u044b\u0445 \u043f\u0440\u043e\u0434\u0443\u043a\u0442\u043e\u0432. \u041c\u0430\u0441\u043b\u043e \u043f\u043e\u043b\u0443\u0447\u0430\u044e\u0442 \u0445\u043e\u043b\u043e\u0434\u043d\u044b\u043c \u043e\u0442\u0436\u0438\u043c\u043e\u043c \u0438\u0437 \u0441\u0435\u043c\u044f\u043d \u0431\u0435\u043b\u043e\u0433\u043e \u043a\u0443\u043d\u0436\u0443\u0442\u0430. \u041e\u043d\u043e \u0448\u0438\u0440\u043e\u043a\u043e \u0438\u0441\u043f\u043e\u043b\u044c\u0437\u0443\u0435\u0442\u0441\u044f \u0432 \u0438\u043d\u0434\u0438\u0439\u0441\u043a\u043e\u0439 \u0438 \u0430\u0437\u0438\u0430\u0442\u0441\u043a\u043e\u0439 \u043a\u0443\u0445\u043d\u0435.<\/p>\n<p><strong>\u0412\u043a\u0443\u0441<\/strong><\/p>\n<p>\u041f\u043e\u0441\u043a\u043e\u043b\u044c\u043a\u0443 \u0441\u0435\u043c\u0435\u043d\u0430 \u043d\u0435 \u043f\u043e\u0434\u0432\u0435\u0440\u0433\u0430\u044e\u0442\u0441\u044f \u0442\u0435\u0440\u043c\u0438\u0447\u0435\u0441\u043a\u043e\u0439 \u043e\u0431\u0440\u0430\u0431\u043e\u0442\u043a\u0435, \u043f\u0438\u0432\u043e \u043e\u0431\u043b\u0430\u0434\u0430\u0435\u0442 \u043f\u0440\u0438\u044f\u0442\u043d\u044b\u043c, \u0442\u043e\u043d\u043a\u0438\u043c \u043a\u0443\u043d\u0436\u0443\u0442\u043d\u044b\u043c \u0430\u0440\u043e\u043c\u0430\u0442\u043e\u043c.<\/p>\n<p><strong>\u0422\u0435\u0445\u043d\u043e\u043b\u043e\u0433\u0438\u044f<\/strong><\/p>\n<p>\u0412 Oilika \u043c\u0430\u0441\u043b\u043e \u043f\u043e\u0434\u0432\u0435\u0440\u0433\u0430\u0435\u0442\u0441\u044f \u0445\u043e\u043b\u043e\u0434\u043d\u043e\u043c\u0443 \u043f\u0440\u0435\u0441\u0441\u043e\u0432\u0430\u043d\u0438\u044e (\u043f\u0440\u0438 \u043a\u043e\u043c\u043d\u0430\u0442\u043d\u043e\u0439 \u0442\u0435\u043c\u043f\u0435\u0440\u0430\u0442\u0443\u0440\u0435 \u043d\u0438\u0436\u0435 25\u00b0C) \u0432 \u0433\u0438\u0434\u0440\u0430\u0432\u043b\u0438\u0447\u0435\u0441\u043a\u043e\u043c \u043f\u0440\u0435\u0441\u0441\u0435 \u0431\u0435\u0437 \u043a\u043e\u043d\u0442\u0430\u043a\u0442\u0430 \u0441 \u043c\u0435\u0442\u0430\u043b\u043b\u043e\u043c, \u0447\u0442\u043e \u043f\u043e\u0437\u0432\u043e\u043b\u044f\u0435\u0442 \u0441\u043e\u0445\u0440\u0430\u043d\u0438\u0442\u044c \u0432\u0441\u0435 \u043f\u043e\u043b\u0435\u0437\u043d\u044b\u0435 \u0441\u0432\u043e\u0439\u0441\u0442\u0432\u0430 \u043c\u0430\u0441\u043b\u0430.<\/p>\n<p>\u041b\u044c\u043d\u044f\u043d\u043e\u0435 \u043c\u0430\u0441\u043b\u043e Oilika \u043c\u043e\u0436\u043d\u043e \u0443\u043f\u043e\u0442\u0440\u0435\u0431\u043b\u044f\u0442\u044c \u043b\u044e\u0434\u044f\u043c \u0441\u043e\u0431\u043b\u044e\u0434\u0430\u044e\u0449\u0438\u043c \u043f\u043e\u0441\u0442, \u0432\u0435\u0433\u0435\u0442\u0430\u0440\u0438\u0430\u043d\u0441\u0442\u0432\u043e, \u0432\u0435\u0433\u0430\u043d\u0441\u0442\u0432\u043e \u0438\n\u0441\u044b\u0440\u043e\u0435\u0434\u0435\u043d\u0438\u0435.<\/p>\n<p><strong>\u0410\u043b\u043b\u0435\u0440\u0433\u0435\u043d\u044b<\/strong><\/p>\n<p>\u041c\u0430\u0441\u043b\u043e \u043f\u043e\u043b\u0443\u0447\u0430\u044e\u0442 \u0438\u0437 \u0441\u0435\u043c\u044f\u043d \u043a\u0443\u043d\u0436\u0443\u0442\u0430.<br>\n\u041a\u0443\u043d\u0436\u0443\u0442\u043d\u043e\u0435 \u043c\u0430\u0441\u043b\u043e Oilika \u043c\u043e\u0436\u043d\u043e \u0443\u043f\u043e\u0442\u0440\u0435\u0431\u043b\u044f\u0442\u044c \u043b\u044e\u0434\u044f\u043c \u0441\u043e\u0431\u043b\u044e\u0434\u0430\u044e\u0449\u0438\u043c \u043f\u043e\u0441\u0442, \u0432\u0435\u0433\u0435\u0442\u0430\u0440\u0438\u0430\u043d\u0441\u0442\u0432\u043e, \u0432\u0435\u0433\u0430\u043d\u0441\u0442\u0432\u043e\n\u0438 \u0441\u044b\u0440\u043e\u0435\u0434\u0435\u043d\u0438\u0435.<\/p>\n<p><strong>\u041f\u0418\u0429\u0415\u0412\u0410\u042f \u0426\u0415\u041d\u041d\u041e\u0421\u0422\u042c \u041d\u0410 100 \u0413<\/strong><\/p>\n<table>\n<tbody>\n<tr>\n<td><strong>\u0421\u043e\u0434\u0435\u0440\u0436\u0430\u043d\u0438\u0435 \u044d\u043d\u0435\u0440\u0433\u0438\u0438<\/strong><\/td>\n<td>3694 \u043a\u0414\u0436 \/ 898 \u043a\u043a\u0430\u043b<\/td>\n<\/tr>\n<tr>\n<td><strong>\u0416\u0438\u0440\u044b<\/strong><\/td>\n<td>99,78 \u0433<\/td>\n<\/tr>\n<tr>\n<td>\u0432\u043a\u043b. \u041d\u0430\u0441\u044b\u0449\u0435\u043d\u043d\u044b\u0435 \u0436\u0438\u0440\u043d\u044b\u0435 \u043a\u0438\u0441\u043b\u043e\u0442\u044b<\/td>\n<td>15,69 \u0433<\/td>\n<\/tr>\n<tr>\n<td><strong>\u0423\u0433\u043b\u0435\u0432\u043e\u0434\u043e\u0440\u043e\u0434\u044b<\/strong><\/td>\n<td>0 g<\/td>\n<\/tr>\n<tr>\n<td>\u0438\u0437 \u043d\u0438\u0445 \u0441\u0430\u0445\u0430\u0440<\/td>\n<td>0 g<\/td>\n<\/tr>\n<tr>\n<td><strong>\u0411\u0435\u043b\u043a\u0438<\/strong><\/td>\n<td>0,10 \u0433<\/td>\n<\/tr>\n<tr>\n<td><strong>\u0421\u043e\u043b\u044c<\/strong><\/td>\n<td>0 g<\/td>\n<\/tr>\n<\/tbody>\n<\/table>\n<p><strong>\u0418\u0441\u043f\u043e\u043b\u044c\u0437\u043e\u0432\u0430\u043d\u0438\u0435<\/strong><\/p>\n<p><strong>NB!<\/strong>\u00a0\u041c\u0430\u0441\u043b\u0430 \u0445\u043e\u043b\u043e\u0434\u043d\u043e\u0433\u043e \u043e\u0442\u0436\u0438\u043c\u0430 \u043e\u0447\u0435\u043d\u044c \u0447\u0443\u0432\u0441\u0442\u0432\u0438\u0442\u0435\u043b\u044c\u043d\u044b \u043a \u0432\u044b\u0441\u043e\u043a\u0438\u043c \u0442\u0435\u043c\u043f\u0435\u0440\u0430\u0442\u0443\u0440\u0430\u043c, \u043f\u043e\u044d\u0442\u043e\u043c\u0443 \u043a\u0443\u043d\u0436\u0443\u0442\u043d\u043e\u0435 \u043c\u0430\u0441\u043b\u043e Oilika \u043d\u0435 \u043f\u043e\u0434\u0445\u043e\u0434\u0438\u0442 \u0434\u043b\u044f \u0436\u0430\u0440\u043a\u0438 \u0438\u043b\u0438 \u0432\u044b\u043f\u0435\u0447\u043a\u0438.<\/p>\n<p>\u041e\u0447\u0435\u043d\u044c \u0445\u043e\u0440\u043e\u0448\u043e \u043f\u043e\u043c\u043e\u0433\u0430\u0435\u0442 \u043a\u0443\u043d\u0436\u0443\u0442\u043d\u043e\u0435 \u043c\u0430\u0441\u043b\u043e Oilika:<\/p>\n<ul>\n<li>\u0412 \u043a\u0430\u0447\u0435\u0441\u0442\u0432\u0435 \u0437\u0430\u043f\u0440\u0430\u0432\u043a\u0438 \u0434\u043b\u044f \u0441\u0430\u043b\u0430\u0442\u043e\u0432, \u043a\u0430\u043a \u0445\u043e\u043b\u043e\u0434\u043d\u044b\u0445, \u0442\u0430\u043a \u0438 \u0433\u043e\u0440\u044f\u0447\u0438\u0445 \u0431\u043b\u044e\u0434, \u043e\u043d \u043f\u043e\u043c\u043e\u0433\u0430\u0435\u0442 \u0441\u043d\u0438\u0437\u0438\u0442\u044c \u043f\u043e\u0442\u0440\u0435\u0431\u043b\u0435\u043d\u0438\u0435 \u0436\u0438\u0432\u043e\u0442\u043d\u044b\u0445 \u0436\u0438\u0440\u043e\u0432 \u0438 \u044f\u0432\u043b\u044f\u0435\u0442\u0441\u044f \u0431\u043e\u043b\u0435\u0435 \u0437\u0434\u043e\u0440\u043e\u0432\u044b\u043c.<\/li>\n<li>\u0414\u043b\u044f \u043f\u0440\u0438\u0433\u043e\u0442\u043e\u0432\u043b\u0435\u043d\u0438\u044f \u0441\u043e\u0443\u0441\u043e\u0432 \u0438 \u0431\u043b\u044e\u0434 \u0430\u0437\u0438\u0430\u0442\u0441\u043a\u043e\u0439 \u043a\u0443\u0445\u043d\u0438<\/li>\n<li>\u0411\u0430\u0437\u043e\u0432\u043e\u0435 \u043c\u0430\u0441\u043b\u043e \u0434\u043b\u044f \u0443\u0445\u043e\u0434\u0430 \u0437\u0430 \u043a\u043e\u0436\u0435\u0439 \u0441 \u044d\u0444\u0438\u0440\u043d\u044b\u043c\u0438 \u043c\u0430\u0441\u043b\u0430\u043c\u0438.<\/li>\n<\/ul>\n<p>&nbsp;<\/p>\n<p><strong>\u0425\u0440\u0430\u043d\u0435\u043d\u0438\u0435<\/strong><\/p>\n<p>\u0427\u0442\u043e\u0431\u044b \u0432 \u043f\u043e\u043b\u043d\u043e\u0439 \u043c\u0435\u0440\u0435 \u043d\u0430\u0441\u043b\u0430\u0434\u0438\u0442\u044c\u0441\u044f \u0432\u043a\u0443\u0441\u043e\u043c \u043d\u0430\u0448\u0435\u0433\u043e \u043a\u0443\u043d\u0436\u0443\u0442\u043d\u043e\u0433\u043e \u043c\u0430\u0441\u043b\u0430 Oilika, \u043f\u043e\u043c\u043d\u0438\u0442\u0435:<\/p>\n<ul>\n<li>\u0425\u0440\u0430\u043d\u0438\u0442\u0435 \u043d\u0435\u0440\u0430\u0441\u043f\u0435\u0447\u0430\u0442\u0430\u043d\u043d\u043e\u0435 \u043c\u0430\u0441\u043b\u043e \u0432 \u043f\u0440\u043e\u0445\u043b\u0430\u0434\u043d\u043e\u043c \u0442\u0435\u043c\u043d\u043e\u043c \u043c\u0435\u0441\u0442\u0435, \u043d\u0435\u0440\u0430\u0441\u043f\u0435\u0447\u0430\u0442\u0430\u043d\u043d\u043e\u0435 - \u0432 \u0445\u043e\u043b\u043e\u0434\u0438\u043b\u044c\u043d\u0438\u043a\u0435.<\/li>\n<li>\u0425\u0440\u0430\u043d\u0438\u0442\u0435 \u043c\u0430\u0441\u043b\u043e \u0432 \u043e\u0440\u0438\u0433\u0438\u043d\u0430\u043b\u044c\u043d\u043e\u0439 \u0443\u043f\u0430\u043a\u043e\u0432\u043a\u0435 - \u0442\u0435\u043c\u043d\u043e\u0435 \u0441\u0442\u0435\u043a\u043b\u043e \u0437\u0430\u0449\u0438\u0449\u0430\u0435\u0442 \u043c\u0430\u0441\u043b\u043e \u043e\u0442 \u0441\u0432\u0435\u0442\u0430 \u0438 \u043f\u0435\u0440\u0435\u043f\u0430\u0434\u043e\u0432 \u0442\u0435\u043c\u043f\u0435\u0440\u0430\u0442\u0443\u0440\u044b.<\/li>\n<li>\u0425\u0440\u0430\u043d\u0438\u0442\u0435 \u043a\u0443\u043d\u0436\u0443\u0442\u043d\u043e\u0435 \u043c\u0430\u0441\u043b\u043e \u0432 \u0433\u0435\u0440\u043c\u0435\u0442\u0438\u0447\u043d\u043e\u0439 \u0431\u0443\u0442\u044b\u043b\u043a\u0435, \u0434\u0430\u0442\u0430 \u043f\u0440\u0438\u0433\u043e\u0442\u043e\u0432\u043b\u0435\u043d\u0438\u044f \u0438 \u0441\u0440\u043e\u043a \u0433\u043e\u0434\u043d\u043e\u0441\u0442\u0438 \u0443\u043a\u0430\u0437\u0430\u043d\u044b \u043d\u0430 \u0443\u043f\u0430\u043a\u043e\u0432\u043a\u0435.<\/li>\n<li>\u0418\u0441\u043f\u043e\u043b\u044c\u0437\u0443\u0439\u0442\u0435 \u043c\u0430\u0441\u043b\u043e \u0432 \u0442\u0435\u0447\u0435\u043d\u0438\u0435 1 \u0433\u043e\u0434\u0430 \u0441 \u0434\u0430\u0442\u044b \u0438\u0437\u0433\u043e\u0442\u043e\u0432\u043b\u0435\u043d\u0438\u044f.<\/li>\n<\/ul>\n<p>&nbsp;<\/p>\n<p><strong>NB!<\/strong> \u0415\u0441\u043b\u0438 \u0432\u044b \u0445\u0440\u0430\u043d\u0438\u0442\u0435 \u043a\u0443\u043d\u0436\u0443\u0442\u043d\u043e\u0435 \u043c\u0430\u0441\u043b\u043e \u0432 \u0445\u043e\u043b\u043e\u0434\u0438\u043b\u044c\u043d\u0438\u043a\u0435, \u0432\u044b \u0437\u0430\u043c\u0435\u0442\u0438\u0442\u0435, \u0447\u0442\u043e \u0432 \u0431\u0443\u0442\u044b\u043b\u043a\u0435 \u043e\u0431\u0440\u0430\u0437\u0443\u0435\u0442\u0441\u044f \u043e\u0441\u0430\u0434\u043e\u043a. \u042d\u0442\u043e \u043d\u043e\u0440\u043c\u0430\u043b\u044c\u043d\u043e, \u0442\u0430\u043a \u043a\u0430\u043a \u0432 \u043a\u0443\u043d\u0436\u0443\u0442\u043d\u043e\u043c \u043c\u0430\u0441\u043b\u0435 \u043c\u043d\u043e\u0433\u043e \u043d\u0430\u0441\u044b\u0449\u0435\u043d\u043d\u044b\u0445 \u0436\u0438\u0440\u043d\u044b\u0445 \u043a\u0438\u0441\u043b\u043e\u0442, \u043a\u043e\u0442\u043e\u0440\u044b\u0435 \u0437\u0430\u0441\u0442\u044b\u0432\u0430\u044e\u0442 \u043f\u0440\u0438 \u043d\u0438\u0437\u043a\u0438\u0445 \u0442\u0435\u043c\u043f\u0435\u0440\u0430\u0442\u0443\u0440\u0430\u0445. \u0412 \u044d\u0442\u043e\u043c \u0441\u043b\u0443\u0447\u0430\u0435 \u0434\u043e\u0441\u0442\u0430\u043d\u044c\u0442\u0435 \u043c\u0430\u0441\u043b\u043e \u0438\u0437 \u0445\u043e\u043b\u043e\u0434\u0438\u043b\u044c\u043d\u0438\u043a\u0430, \u043f\u043e\u0434\u043e\u0436\u0434\u0438\u0442\u0435, \u043f\u043e\u043a\u0430 \u043e\u0441\u0430\u0434\u043e\u043a \u0438\u0441\u0447\u0435\u0437\u043d\u0435\u0442, \u0438\u0441\u043f\u043e\u043b\u044c\u0437\u0443\u0439\u0442\u0435 \u0435\u0433\u043e \u0438 \u0441\u043d\u043e\u0432\u0430 \u043f\u043e\u0441\u0442\u0430\u0432\u044c\u0442\u0435 \u0432 \u0445\u043e\u043b\u043e\u0434\u0438\u043b\u044c\u043d\u0438\u043a.<\/p>","protected":false},"excerpt":{"rendered":"<p>Kirjeldus Mis teeb Oilika seesami\u00f5li ainulaadseks? 100% seesami\u00f5li. On v\u00e4ga kasulik igap\u00e4evaselt toitude maitse rikastamiseks. \u00d5li on valmistatud valgetest seesamiseemnetest k\u00fclmpressmeetodil. Seda kasutatakse laialdaselt India ja Aasia k\u00f6\u00f6gis. Maitse Kuna seemned ei ole kuumalt t\u00f6\u00f6deldud, on \u00f5lil meeldiv \u00f5rn seesamimaitse. Tehnoloogia Ettev\u00f5ttes Oilika pressitakse\u00a0 \u00f5li\u00a0 k\u00fclmpressmeetodil (toatemperatuuril alla 25\u00b0\u0421) h\u00fcdraulilises pressis ilma metalliga kokku puutumata, [&hellip;]<\/p>","protected":false},"featured_media":1485,"comment_status":"open","ping_status":"closed","template":"","meta":[],"product_brand":[],"product_cat":[19],"product_tag":[],"class_list":{"0":"post-1616","1":"product","2":"type-product","3":"status-publish","4":"has-post-thumbnail","6":"product_cat-maslo","8":"first","9":"instock","10":"shipping-taxable","11":"purchasable","12":"product-type-variable"},"_links":{"self":[{"href":"https:\/\/vana.oilika.ee\/ru\/wp-json\/wp\/v2\/product\/1616","targetHints":{"allow":["GET"]}}],"collection":[{"href":"https:\/\/vana.oilika.ee\/ru\/wp-json\/wp\/v2\/product"}],"about":[{"href":"https:\/\/vana.oilika.ee\/ru\/wp-json\/wp\/v2\/types\/product"}],"replies":[{"embeddable":true,"href":"https:\/\/vana.oilika.ee\/ru\/wp-json\/wp\/v2\/comments?post=1616"}],"wp:featuredmedia":[{"embeddable":true,"href":"https:\/\/vana.oilika.ee\/ru\/wp-json\/wp\/v2\/media\/1485"}],"wp:attachment":[{"href":"https:\/\/vana.oilika.ee\/ru\/wp-json\/wp\/v2\/media?parent=1616"}],"wp:term":[{"taxonomy":"product_brand","embeddable":true,"href":"https:\/\/vana.oilika.ee\/ru\/wp-json\/wp\/v2\/product_brand?post=1616"},{"taxonomy":"product_cat","embeddable":true,"href":"https:\/\/vana.oilika.ee\/ru\/wp-json\/wp\/v2\/product_cat?post=1616"},{"taxonomy":"product_tag","embeddable":true,"href":"https:\/\/vana.oilika.ee\/ru\/wp-json\/wp\/v2\/product_tag?post=1616"}],"curies":[{"name":"wp","href":"https:\/\/api.w.org\/{rel}","templated":true}]}}