{"id":2003,"date":"2024-08-23T14:19:13","date_gmt":"2024-08-23T11:19:13","guid":{"rendered":"https:\/\/vana.oilika.ee\/?post_type=product&#038;p=2003"},"modified":"2024-12-27T23:31:09","modified_gmt":"2024-12-27T20:31:09","slug":"tykvennoe-maslo","status":"publish","type":"product","link":"https:\/\/vana.oilika.ee\/ru\/product\/tykvennoe-maslo\/","title":{"rendered":"\u041c\u0430\u0441\u043b\u043e \u0441\u0435\u043c\u044f\u043d \u0442\u044b\u043a\u0432\u044b"},"content":{"rendered":"<h2 class=\"elementor-heading-title elementor-size-default\">\u041e\u043f\u0438\u0441\u0430\u043d\u0438\u0435<\/h2>\n<p><strong>\u0427\u0442\u043e \u0434\u0435\u043b\u0430\u0435\u0442 \u043c\u0430\u0441\u043b\u043e \u0442\u044b\u043a\u0432\u0435\u043d\u043d\u044b\u0445 \u0441\u0435\u043c\u0435\u0447\u0435\u043a Oilika \u0443\u043d\u0438\u043a\u0430\u043b\u044c\u043d\u044b\u043c?<\/strong><\/p>\n<p>\u041c\u0430\u0441\u043b\u043e \u0442\u044b\u043a\u0432\u0435\u043d\u043d\u044b\u0445 \u0441\u0435\u043c\u0435\u0447\u0435\u043a 100% \u043e\u0447\u0435\u043d\u044c \u043f\u043e\u043b\u0435\u0437\u043d\u043e \u0434\u043b\u044f \u043e\u0431\u043e\u0433\u0430\u0449\u0435\u043d\u0438\u044f \u0435\u0436\u0435\u0434\u043d\u0435\u0432\u043d\u043e\u0433\u043e \u0440\u0430\u0446\u0438\u043e\u043d\u0430. \u041c\u0430\u0441\u043b\u043e \u0442\u044b\u043a\u0432\u0435\u043d\u043d\u044b\u0445 \u0441\u0435\u043c\u0435\u0447\u0435\u043a Oilika \u043e\u0442\u043b\u0438\u0447\u0430\u0435\u0442\u0441\u044f \u0432\u044b\u0441\u043e\u043a\u0438\u043c \u0441\u043e\u0434\u0435\u0440\u0436\u0430\u043d\u0438\u0435\u043c \u0432\u0438\u0442\u0430\u043c\u0438\u043d\u0430 \u0415 - 57,02 \u043c\u0433 \u043d\u0430 100 \u043c\u043b! \u0427\u0442\u043e\u0431\u044b \u043f\u043e\u043b\u0443\u0447\u0438\u0442\u044c \u0440\u0435\u043a\u043e\u043c\u0435\u043d\u0434\u0443\u0435\u043c\u0443\u044e \u0441\u0443\u0442\u043e\u0447\u043d\u0443\u044e \u0434\u043e\u0437\u0443 \u0432\u0438\u0442\u0430\u043c\u0438\u043d\u0430 \u0415 (10 \u043c\u0433), \u0434\u043e\u0441\u0442\u0430\u0442\u043e\u0447\u043d\u043e \u0443\u043f\u043e\u0442\u0440\u0435\u0431\u043b\u044f\u0442\u044c 17 \u043c\u043b \u0438\u043b\u0438 1 \u0441\u0442\u043e\u043b\u043e\u0432\u0443\u044e \u043b\u043e\u0436\u043a\u0443 \u0432 \u0434\u0435\u043d\u044c.<\/p>\n<p><strong>\u0412\u043a\u0443\u0441<\/strong><\/p>\n<p>\u041c\u0430\u0441\u043b\u043e \u0438\u0437 \u0442\u044b\u043a\u0432\u0435\u043d\u043d\u044b\u0445 \u0441\u0435\u043c\u0435\u0447\u0435\u043a \u0438\u043c\u0435\u0435\u0442 \u043a\u0440\u0430\u0441\u0438\u0432\u044b\u0439 \u0442\u0435\u043c\u043d\u043e-\u043a\u043e\u0440\u0438\u0447\u043d\u0435\u0432\u044b\u0439 \u0446\u0432\u0435\u0442 \u0438 \u043f\u0440\u0438\u044f\u0442\u043d\u044b\u0439 \u0432\u043a\u0443\u0441. \u041f\u043e\u0441\u043a\u043e\u043b\u044c\u043a\u0443 \u0441\u0435\u043c\u0435\u043d\u0430 \u043d\u0435 \u043f\u043e\u0434\u0432\u0435\u0440\u0433\u0430\u044e\u0442\u0441\u044f \u0433\u043e\u0440\u044f\u0447\u0435\u0439 \u043e\u0431\u0440\u0430\u0431\u043e\u0442\u043a\u0435, \u043c\u0430\u0441\u043b\u043e \u0445\u043e\u043b\u043e\u0434\u043d\u043e\u0433\u043e \u043e\u0442\u0436\u0438\u043c\u0430 \u0441\u043e\u0445\u0440\u0430\u043d\u044f\u0435\u0442 \u0441\u0432\u043e\u0439 \u0435\u0441\u0442\u0435\u0441\u0442\u0432\u0435\u043d\u043d\u044b\u0439 \u0438 \u043f\u0440\u0438\u044f\u0442\u043d\u044b\u0439 \u0430\u0440\u043e\u043c\u0430\u0442.<\/p>\n<p><strong>\u0422\u0435\u0445\u043d\u043e\u043b\u043e\u0433\u0438\u044f<\/strong><\/p>\n<p>\u0412 \u043a\u043e\u043c\u043f\u0430\u043d\u0438\u0438 \"\u041e\u0438\u043b\u0438\u043a\u0430\" \u043c\u0430\u0441\u043b\u043e \u043e\u0442\u0436\u0438\u043c\u0430\u0435\u0442\u0441\u044f \u043d\u0430 \u0433\u0438\u0434\u0440\u0430\u0432\u043b\u0438\u0447\u0435\u0441\u043a\u0438\u0445 \u043f\u0440\u0435\u0441\u0441\u0430\u0445 \u043f\u0440\u0438 \u043a\u043e\u043c\u043d\u0430\u0442\u043d\u043e\u0439 \u0442\u0435\u043c\u043f\u0435\u0440\u0430\u0442\u0443\u0440\u0435 \u043c\u0435\u0442\u043e\u0434\u043e\u043c \u0445\u043e\u043b\u043e\u0434\u043d\u043e\u0433\u043e \u043f\u0440\u0435\u0441\u0441\u043e\u0432\u0430\u043d\u0438\u044f, \u0438\u0441\u043a\u043b\u044e\u0447\u0430\u044e\u0449\u0438\u043c \u043a\u043e\u043d\u0442\u0430\u043a\u0442 \u0441 \u043c\u0435\u0442\u0430\u043b\u043b\u043e\u043c. \u0411\u043b\u0430\u0433\u043e\u0434\u0430\u0440\u044f \u043c\u0435\u0442\u043e\u0434\u0443 \u0445\u043e\u043b\u043e\u0434\u043d\u043e\u0433\u043e \u043f\u0440\u0435\u0441\u0441\u043e\u0432\u0430\u043d\u0438\u044f \u0442\u0435\u043c\u043f\u0435\u0440\u0430\u0442\u0443\u0440\u0430 \u043c\u0430\u0441\u043b\u0430 \u043d\u0435 \u043f\u0440\u0435\u0432\u044b\u0448\u0430\u0435\u0442 25\u00b0C, \u0447\u0442\u043e \u043f\u043e\u0437\u0432\u043e\u043b\u044f\u0435\u0442 \u0441\u043e\u0445\u0440\u0430\u043d\u0438\u0442\u044c \u0432\u0441\u0435 \u043f\u043e\u043b\u0435\u0437\u043d\u044b\u0435 \u0441\u0432\u043e\u0439\u0441\u0442\u0432\u0430.<\/p>\n<p>\u041f\u043e\u0434\u0445\u043e\u0434\u0438\u0442 \u043a\u0430\u043a \u0434\u043b\u044f \u0432\u0435\u0433\u0435\u0442\u0430\u0440\u0438\u0430\u043d\u0446\u0435\u0432, \u0442\u0430\u043a \u0438 \u0434\u043b\u044f \u043f\u0440\u0438\u0432\u0435\u0440\u0436\u0435\u043d\u0446\u0435\u0432 \u0441\u044b\u0440\u043e\u0435\u0434\u0435\u043d\u0438\u044f.<\/p>\n<p><strong>\u0410\u043b\u043b\u0435\u0440\u0433\u0435\u043d\u044b<\/strong><\/p>\n<p>\u041c\u0430\u0441\u043b\u043e \u043f\u0440\u043e\u0438\u0437\u0432\u043e\u0434\u0438\u0442\u0441\u044f \u0438\u0437 \u0441\u0435\u043c\u044f\u043d \u0442\u044b\u043a\u0432\u044b.<\/p>\n<p><strong>\u041f\u0418\u0429\u0415\u0412\u0410\u042f \u0426\u0415\u041d\u041d\u041e\u0421\u0422\u042c \u041d\u0410 100 \u0413<\/strong><\/p>\n<table>\n<tbody>\n<tr>\n<td><strong>\u0421\u043e\u0434\u0435\u0440\u0436\u0430\u043d\u0438\u0435 \u044d\u043d\u0435\u0440\u0433\u0438\u0438<\/strong><\/td>\n<td>3694 \u043a\u0414\u0436 \/ 898 \u043a\u043a\u0430\u043b<\/td>\n<\/tr>\n<tr>\n<td><strong>\u0416\u0438\u0440\u044b<\/strong><\/td>\n<td>99,73 g<\/td>\n<\/tr>\n<tr>\n<td>\u0432\u043a\u043b. \u041d\u0430\u0441\u044b\u0449\u0435\u043d\u043d\u044b\u0435 \u0436\u0438\u0440\u043d\u044b\u0435 \u043a\u0438\u0441\u043b\u043e\u0442\u044b<\/td>\n<td>18,30 g<\/td>\n<\/tr>\n<tr>\n<td><strong>\u041f\u043e\u043b\u0438\u043d\u0435\u043d\u0430\u0441\u044b\u0449\u0435\u043d\u043d\u044b\u0435 \u0436\u0438\u0440\u043d\u044b\u0435 \u043a\u0438\u0441\u043b\u043e\u0442\u044b<\/strong><\/td>\n<td>41,93 g<\/td>\n<\/tr>\n<tr>\n<td>- \u043e\u043c\u0435\u0433\u0430-3<\/td>\n<td>0,52 g<\/td>\n<\/tr>\n<tr>\n<td>- \u0418\u0437 \u043d\u0438\u0445 \u0430\u043b\u044c\u0444\u0430-\u043b\u0438\u043d\u043e\u043b\u0435\u043d\u043e\u0432\u0430\u044f \u043a\u0438\u0441\u043b\u043e\u0442\u0430 (18:3 \u043e\u043c\u0435\u0433\u0430-3)<\/td>\n<td>0,17 g<\/td>\n<\/tr>\n<tr>\n<td>- \u043e\u043c\u0435\u0433\u0430-6<\/td>\n<td>41,41 g<\/td>\n<\/tr>\n<tr>\n<td>- \u0438\u0437 \u043a\u043e\u0442\u043e\u0440\u044b\u0445 \u043b\u0438\u043d\u043e\u043b\u0435\u0432\u0430\u044f \u043a\u0438\u0441\u043b\u043e\u0442\u0430 (18:2 \u043e\u043c\u0435\u0433\u0430-6)<\/td>\n<td>41,41 g<\/td>\n<\/tr>\n<tr>\n<td><strong>\u041c\u043e\u043d\u043e\u043d\u0435\u043d\u0430\u0441\u044b\u0449\u0435\u043d\u043d\u044b\u0435 \u0436\u0438\u0440\u043d\u044b\u0435 \u043a\u0438\u0441\u043b\u043e\u0442\u044b<\/strong><\/td>\n<td>34,77 g<\/td>\n<\/tr>\n<tr>\n<td>\u0432\u043a\u043b\u044e\u0447\u0430\u044f \u043e\u043b\u0435\u0438\u043d\u043e\u0432\u0443\u044e \u043a\u0438\u0441\u043b\u043e\u0442\u0443 (18:1 \u043e\u043c\u0435\u0433\u0430-9)<\/td>\n<td>33,91 g<\/td>\n<\/tr>\n<tr>\n<td><strong>\u0423\u0433\u043b\u0435\u0432\u043e\u0434\u043e\u0440\u043e\u0434\u044b<\/strong><\/td>\n<td>0 g<\/td>\n<\/tr>\n<tr>\n<td>\u0438\u0437 \u043a\u043e\u0442\u043e\u0440\u044b\u0445 \u0441\u0430\u0445\u0430\u0440\u0430<\/td>\n<td>0 g<\/td>\n<\/tr>\n<tr>\n<td><strong>\u0411\u0435\u043b\u043a\u0438<\/strong><\/td>\n<td>0 g<\/td>\n<\/tr>\n<tr>\n<td><strong>\u0421\u043e\u043b\u044c<\/strong><\/td>\n<td>0 g<\/td>\n<\/tr>\n<tr>\n<td><strong>\u0412\u0438\u0442\u0430\u043c\u0438\u043d \u0415<\/strong><\/td>\n<td>57,02 \u043c\u0433<\/td>\n<\/tr>\n<\/tbody>\n<\/table>\n<p><strong>\u0418\u0441\u043f\u043e\u043b\u044c\u0437\u043e\u0432\u0430\u043d\u0438\u0435<\/strong><\/p>\n<p>\u041c\u0430\u0441\u043b\u0430 \u0445\u043e\u043b\u043e\u0434\u043d\u043e\u0433\u043e \u043e\u0442\u0436\u0438\u043c\u0430 \u0447\u0443\u0432\u0441\u0442\u0432\u0438\u0442\u0435\u043b\u044c\u043d\u044b \u043a \u0432\u044b\u0441\u043e\u043a\u0438\u043c \u0442\u0435\u043c\u043f\u0435\u0440\u0430\u0442\u0443\u0440\u0430\u043c, \u043f\u043e\u044d\u0442\u043e\u043c\u0443 \u0442\u044b\u043a\u0432\u0435\u043d\u043d\u043e\u0435 \u043c\u0430\u0441\u043b\u043e Oilika \u043d\u0435 \u043f\u043e\u0434\u0445\u043e\u0434\u0438\u0442 \u0434\u043b\u044f \u0436\u0430\u0440\u043a\u0438 \u0438\u043b\u0438 \u0432\u044b\u043f\u0435\u0447\u043a\u0438. \u0422\u044b\u043a\u0432\u0435\u043d\u043d\u043e\u0435 \u043c\u0430\u0441\u043b\u043e \u0445\u043e\u043b\u043e\u0434\u043d\u043e\u0433\u043e \u043e\u0442\u0436\u0438\u043c\u0430 Oilika \u043f\u0440\u0438\u0434\u0430\u0441\u0442 \u0432\u0430\u0448\u0438\u043c \u0431\u043b\u044e\u0434\u0430\u043c \u043f\u0440\u0438\u044f\u0442\u043d\u044b\u0439 \u0442\u044b\u043a\u0432\u0435\u043d\u043d\u044b\u0439 \u0430\u0440\u043e\u043c\u0430\u0442. \u0418\u0441\u043f\u043e\u043b\u044c\u0437\u0443\u0439\u0442\u0435 \u0435\u0433\u043e:<\/p>\n<ul>\n<li>\u0414\u043b\u044f \u0430\u0440\u043e\u043c\u0430\u0442\u0438\u0437\u0430\u0446\u0438\u0438 \u0445\u043e\u043b\u043e\u0434\u043d\u044b\u0445 \u0431\u043b\u044e\u0434 (\u0441\u0430\u043b\u0430\u0442\u043e\u0432, \u0441\u043e\u0443\u0441\u043e\u0432).<\/li>\n<li>\u0414\u043b\u044f \u0430\u0440\u043e\u043c\u0430\u0442\u0438\u0437\u0430\u0446\u0438\u0438 \u0443\u0436\u0435 \u0433\u043e\u0442\u043e\u0432\u044b\u0445 \u0431\u043b\u044e\u0434 (\u0433\u043e\u0440\u044f\u0447\u0438\u0445 \u0431\u043b\u044e\u0434, \u043a\u0430\u0448, \u0432\u0430\u0440\u0435\u043d\u044b\u0445 \u043e\u0432\u043e\u0449\u0435\u0439).<\/li>\n<li>\u0414\u043e\u043f\u043e\u043b\u043d\u044f\u0435\u0442 \u0431\u043b\u044e\u0434\u0430 \u0438\u0437 \u0442\u044b\u043a\u0432\u044b, \u0442\u0430\u043a\u0438\u0435 \u043a\u0430\u043a \u043f\u044e\u0440\u0435 \u0438 \u0437\u0430\u043f\u0435\u0447\u0435\u043d\u043d\u0430\u044f \u0442\u044b\u043a\u0432\u0430.<\/li>\n<li>\u0414\u043e\u0431\u0430\u0432\u043b\u044f\u0439\u0442\u0435 \u0432 \u0441\u043b\u0430\u0434\u043a\u0438\u0435 \u0438 \u0441\u043e\u043b\u0435\u043d\u044b\u0435 \u043a\u0430\u0448\u0438, \u0437\u0430\u043c\u0435\u043d\u044f\u044f \u0441\u043b\u0438\u0432\u043e\u0447\u043d\u043e\u0435 \u043c\u0430\u0441\u043b\u043e \u0440\u0430\u0441\u0442\u0438\u0442\u0435\u043b\u044c\u043d\u044b\u043c \u0436\u0438\u0440\u043e\u043c.<\/li>\n<li>\u0414\u043b\u044f \u0443\u0445\u043e\u0434\u0430 \u0437\u0430 \u043a\u043e\u0436\u0435\u0439 \u0432 \u043a\u0430\u0447\u0435\u0441\u0442\u0432\u0435 \u0431\u0430\u0437\u043e\u0432\u043e\u0433\u043e \u043c\u0430\u0441\u043b\u0430 \u0441 \u044d\u0444\u0438\u0440\u043d\u044b\u043c\u0438 \u043c\u0430\u0441\u043b\u0430\u043c\u0438.<\/li>\n<\/ul>\n<p>&nbsp;<\/p>\n<p><strong>\u0425\u0440\u0430\u043d\u0435\u043d\u0438\u0435<\/strong><\/p>\n<p>\u0427\u0442\u043e\u0431\u044b \u043d\u0430\u0441\u043b\u0430\u0434\u0438\u0442\u044c\u0441\u044f \u043f\u0440\u0435\u043a\u0440\u0430\u0441\u043d\u044b\u043c \u0432\u043a\u0443\u0441\u043e\u043c \u0442\u044b\u043a\u0432\u0435\u043d\u043d\u043e\u0433\u043e \u043c\u0430\u0441\u043b\u0430, \u043f\u043e\u043c\u043d\u0438\u0442\u0435:<\/p>\n<ul>\n<li>\u0425\u0440\u0430\u043d\u0438\u0442\u0435 \u043c\u0430\u0441\u043b\u043e \u0432 \u043e\u0440\u0438\u0433\u0438\u043d\u0430\u043b\u044c\u043d\u043e\u0439 \u0443\u043f\u0430\u043a\u043e\u0432\u043a\u0435. \u0423\u043f\u0430\u043a\u043e\u0432\u043a\u0430 \u0438 \u0442\u0435\u043c\u043d\u043e\u0435 \u0441\u0442\u0435\u043a\u043b\u043e \u0434\u043e\u043f\u043e\u043b\u043d\u0438\u0442\u0435\u043b\u044c\u043d\u043e \u0437\u0430\u0449\u0438\u0449\u0430\u044e\u0442 \u043c\u0430\u0441\u043b\u043e \u043e\u0442 \u0432\u043e\u0437\u0434\u0435\u0439\u0441\u0442\u0432\u0438\u044f \u0441\u0432\u0435\u0442\u0430 \u0438 \u043f\u0435\u0440\u0435\u043f\u0430\u0434\u043e\u0432 \u0442\u0435\u043c\u043f\u0435\u0440\u0430\u0442\u0443\u0440\u044b.<\/li>\n<li>\u0425\u0440\u0430\u043d\u0438\u0442\u0435 \u043c\u0430\u0441\u043b\u043e \u0432 \u043f\u0440\u043e\u0445\u043b\u0430\u0434\u043d\u043e\u043c \u0442\u0435\u043c\u043d\u043e\u043c \u043c\u0435\u0441\u0442\u0435, \u0432 \u043e\u0442\u043a\u0440\u044b\u0442\u043e\u043c \u0432\u0438\u0434\u0435 \u043e\u043d\u043e \u0434\u043e\u043b\u0436\u043d\u043e \u0445\u0440\u0430\u043d\u0438\u0442\u044c\u0441\u044f \u0432\n\u0445\u043e\u043b\u043e\u0434\u0438\u043b\u044c\u043d\u0438\u043a\u0435.<\/li>\n<li>\u0414\u0430\u0442\u0430 \u0438\u0437\u0433\u043e\u0442\u043e\u0432\u043b\u0435\u043d\u0438\u044f \u0438 \u0441\u0440\u043e\u043a \u0433\u043e\u0434\u043d\u043e\u0441\u0442\u0438 \u0443\u043a\u0430\u0437\u0430\u043d\u044b \u043d\u0430 \u0443\u043f\u0430\u043a\u043e\u0432\u043a\u0435.<\/li>\n<li>\u0418\u0441\u043f\u043e\u043b\u044c\u0437\u0443\u0439\u0442\u0435 \u043c\u0430\u0441\u043b\u043e \u0432 \u0442\u0435\u0447\u0435\u043d\u0438\u0435 1 \u0433\u043e\u0434\u0430 \u0441 \u0434\u0430\u0442\u044b \u0438\u0437\u0433\u043e\u0442\u043e\u0432\u043b\u0435\u043d\u0438\u044f.<\/li>\n<\/ul>\n<p>&nbsp;<\/p>\n<p><strong>NB!<\/strong> \u0415\u0441\u043b\u0438 \u0432\u044b \u0445\u0440\u0430\u043d\u0438\u0442\u0435 \u0442\u044b\u043a\u0432\u0435\u043d\u043d\u043e\u0435 \u043c\u0430\u0441\u043b\u043e \u0432 \u0445\u043e\u043b\u043e\u0434\u0438\u043b\u044c\u043d\u0438\u043a\u0435, \u0432\u044b \u0437\u0430\u043c\u0435\u0442\u0438\u0442\u0435, \u0447\u0442\u043e \u0432 \u0431\u0443\u0442\u044b\u043b\u043a\u0435 \u043e\u0431\u0440\u0430\u0437\u0443\u0435\u0442\u0441\u044f \u043e\u0441\u0430\u0434\u043e\u043a. \u042d\u0442\u043e \u043d\u043e\u0440\u043c\u0430\u043b\u044c\u043d\u043e, \u0442\u0430\u043a \u043a\u0430\u043a \u0432 \u0442\u044b\u043a\u0432\u0435\u043d\u043d\u043e\u043c \u043c\u0430\u0441\u043b\u0435 \u0431\u043e\u043b\u044c\u0448\u0435 \u043d\u0430\u0441\u044b\u0449\u0435\u043d\u043d\u044b\u0445 \u0436\u0438\u0440\u043d\u044b\u0445 \u043a\u0438\u0441\u043b\u043e\u0442, \u043a\u043e\u0442\u043e\u0440\u044b\u0435 \u0437\u0430\u0441\u0442\u044b\u0432\u0430\u044e\u0442 \u043f\u0440\u0438 \u043d\u0438\u0437\u043a\u0438\u0445 \u0442\u0435\u043c\u043f\u0435\u0440\u0430\u0442\u0443\u0440\u0430\u0445. \u0412 \u044d\u0442\u043e\u043c \u0441\u043b\u0443\u0447\u0430\u0435 \u0434\u043e\u0441\u0442\u0430\u043d\u044c\u0442\u0435 \u043c\u0430\u0441\u043b\u043e \u0438\u0437 \u0445\u043e\u043b\u043e\u0434\u0438\u043b\u044c\u043d\u0438\u043a\u0430, \u043f\u043e\u0434\u043e\u0436\u0434\u0438\u0442\u0435, \u043f\u043e\u043a\u0430 \u043e\u0441\u0430\u0434\u043e\u043a \u0438\u0441\u0447\u0435\u0437\u043d\u0435\u0442, \u0438\u0441\u043f\u043e\u043b\u044c\u0437\u0443\u0439\u0442\u0435 \u0435\u0433\u043e \u0438 \u0441\u043d\u043e\u0432\u0430 \u043f\u043e\u0441\u0442\u0430\u0432\u044c\u0442\u0435 \u0432 \u0445\u043e\u043b\u043e\u0434\u0438\u043b\u044c\u043d\u0438\u043a.<\/p>","protected":false},"excerpt":{"rendered":"<p>Kirjeldus Mis teeb Oilika k\u00f5rvitsa\u00f5li ainulaadseks? 100% k\u00f5rvitsa\u00f5li on v\u00e4ga kasulik igap\u00e4evase dieedi rikastamiseks. Oilika k\u00f5rvitsa\u00f5lis on palju E-vitamiini \u2013 57,02 mg 100 ml kohta! Et saada k\u00e4tte p\u00e4evane soovituslik E-vitamiini annus (10 mg), piisab 17 ml ehk 1 supilusikat\u00e4ie tarvitamisest p\u00e4evas. Maitse K\u00f5rvitsa\u00f5li on ilusa tumepruuni v\u00e4rvusega ja meeldiva maitsega. Kuna seemneid ei t\u00f6\u00f6delda [&hellip;]<\/p>","protected":false},"featured_media":2004,"comment_status":"open","ping_status":"closed","template":"","meta":[],"product_brand":[],"product_cat":[19],"product_tag":[],"class_list":{"0":"post-2003","1":"product","2":"type-product","3":"status-publish","4":"has-post-thumbnail","6":"product_cat-maslo","8":"first","9":"instock","10":"shipping-taxable","11":"purchasable","12":"product-type-variable"},"_links":{"self":[{"href":"https:\/\/vana.oilika.ee\/ru\/wp-json\/wp\/v2\/product\/2003","targetHints":{"allow":["GET"]}}],"collection":[{"href":"https:\/\/vana.oilika.ee\/ru\/wp-json\/wp\/v2\/product"}],"about":[{"href":"https:\/\/vana.oilika.ee\/ru\/wp-json\/wp\/v2\/types\/product"}],"replies":[{"embeddable":true,"href":"https:\/\/vana.oilika.ee\/ru\/wp-json\/wp\/v2\/comments?post=2003"}],"wp:featuredmedia":[{"embeddable":true,"href":"https:\/\/vana.oilika.ee\/ru\/wp-json\/wp\/v2\/media\/2004"}],"wp:attachment":[{"href":"https:\/\/vana.oilika.ee\/ru\/wp-json\/wp\/v2\/media?parent=2003"}],"wp:term":[{"taxonomy":"product_brand","embeddable":true,"href":"https:\/\/vana.oilika.ee\/ru\/wp-json\/wp\/v2\/product_brand?post=2003"},{"taxonomy":"product_cat","embeddable":true,"href":"https:\/\/vana.oilika.ee\/ru\/wp-json\/wp\/v2\/product_cat?post=2003"},{"taxonomy":"product_tag","embeddable":true,"href":"https:\/\/vana.oilika.ee\/ru\/wp-json\/wp\/v2\/product_tag?post=2003"}],"curies":[{"name":"wp","href":"https:\/\/api.w.org\/{rel}","templated":true}]}}